{"id":1322,"date":"2022-02-24T05:02:56","date_gmt":"2022-02-24T05:02:56","guid":{"rendered":"https:\/\/www.exonarium.fr\/?page_id=1322"},"modified":"2023-03-19T17:57:36","modified_gmt":"2023-03-19T16:57:36","slug":"home","status":"publish","type":"page","link":"https:\/\/www.exonarium.fr\/","title":{"rendered":"Accueil"},"content":{"rendered":"\n<div class=\"wp-block-uagb-container uagb-block-dde86dac alignfull uagb-is-root-container\"><div class=\"uagb-container-inner-blocks-wrap\">\n<div class=\"wp-block-uagb-advanced-heading uagb-block-9c2a6a03\"><h1 class=\"uagb-heading-text\">D\u00e9couvrez<\/h1><\/div>\n\n\n\n<div class=\"wp-block-uagb-info-box uagb-block-f1943ae3 uagb-infobox__content-wrap  uagb-infobox-icon-above-title uagb-infobox-image-valign-top\"><div class=\"uagb-ifb-content\"><div class=\"uagb-ifb-title-wrap\"><h1 class=\"uagb-ifb-title\">Exonarium<\/h1><\/div><p class=\"uagb-ifb-desc\">La rencontre entre ing\u00e9nierie de pointe et a\u00e9rospatial.<\/p><\/div><\/div>\n<\/div><\/div>\n\n\n\n<div id=\"services\" class=\"wp-block-uagb-container uagb-block-417e6966 alignfull uagb-is-root-container\"><div class=\"uagb-container-inner-blocks-wrap\">\n<div class=\"wp-block-uagb-advanced-heading uagb-block-5c499397\"><h2 class=\"uagb-heading-text\">Nos services<\/h2><div class=\"uagb-separator\"><\/div><\/div>\n\n\n\n<div class=\"wp-block-uagb-container uagb-block-24448263\">\n<div class=\"wp-block-uagb-container uagb-block-2255a9ba\">\n<div class=\"wp-block-uagb-info-box uagb-block-fc58836c uagb-infobox__content-wrap  uagb-infobox-icon-above-title uagb-infobox-image-valign-top\"><div class=\"uagb-ifb-content\"><div class=\"uagb-ifb-image-content\"><img decoding=\"async\" src=\"https:\/\/www.exonarium.fr\/wp-content\/uploads\/2023\/03\/engineer.jpg\" alt=\"\" width=\"370\" height=\"500\" loading=\"lazy\"\/><\/div><div class=\"uagb-ifb-title-wrap\"><h3 class=\"uagb-ifb-title\">Ing\u00e9nierie de pointe<\/h3><\/div><p class=\"uagb-ifb-desc\">Une \u00e9quipe d&rsquo;experts scientifiques pouvant r\u00e9pondre \u00e0 vos besoins les plus sp\u00e9cifiques.<br><br><\/p><\/div><\/div>\n<\/div>\n\n\n\n<div class=\"wp-block-uagb-container uagb-block-0723a1dd\">\n<div class=\"wp-block-uagb-info-box uagb-block-07c480bc uagb-infobox__content-wrap  uagb-infobox-icon-above-title uagb-infobox-image-valign-top\"><div class=\"uagb-ifb-content\"><div class=\"uagb-ifb-image-content\"><img decoding=\"async\" src=\"https:\/\/www.exonarium.fr\/wp-content\/uploads\/2023\/03\/jet.jpg\" alt=\"\" width=\"370\" height=\"500\" loading=\"lazy\"\/><\/div><div class=\"uagb-ifb-title-wrap\"><h3 class=\"uagb-ifb-title\">Design<\/h3><\/div><p class=\"uagb-ifb-desc\">Conception de composants pour l&rsquo;a\u00e9rospatial, du microprocesseur r\u00e9sistant aux conditions extr\u00eames aux imposantes ailes de planeurs.<\/p><\/div><\/div>\n<\/div>\n\n\n\n<div class=\"wp-block-uagb-container uagb-block-73a968ac\">\n<div class=\"wp-block-uagb-info-box uagb-block-5b372845 uagb-infobox__content-wrap  uagb-infobox-icon-above-title uagb-infobox-image-valign-top\"><div class=\"uagb-ifb-content\"><div class=\"uagb-ifb-image-content\"><img decoding=\"async\" src=\"https:\/\/www.exonarium.fr\/wp-content\/uploads\/2023\/03\/LEAP-A1-2.jpg\" alt=\"\" width=\"370\" height=\"500\" loading=\"lazy\"\/><\/div><div class=\"uagb-ifb-title-wrap\"><h3 class=\"uagb-ifb-title\">Production<\/h3><\/div><p class=\"uagb-ifb-desc\">Usinage et assemblage de pi\u00e8ces sur mesure et avec une pr\u00e9cision in\u00e9gal\u00e9e.<br><br><\/p><\/div><\/div>\n<\/div>\n<\/div>\n<\/div><\/div>\n\n\n\n<div class=\"wp-block-uagb-container uagb-block-f878fe4d alignfull uagb-is-root-container\"><div class=\"uagb-container-inner-blocks-wrap\">\n<div class=\"wp-block-uagb-testimonial uagb-slick-carousel uagb-tm__arrow-outside uagb-block-a99cc16c uagb-post__carousel_notset uagb-post__carousel_notset-tablet uagb-post__carousel_notset-mobile\"><div class=\"is-carousel uagb-tm__columns-1 uagb-tm__items\"><div class=\"uagb-testimonial__wrap  uagb-tm__imgicon-style-circle uagb-tm__image-position-top uagb-tm__bg-type-none \"><div class=\"uagb-tm__content\"><div class=\"uagb-tm__overlay\"><\/div><div class=\"uagb-tm__image-content\"><div class=\"uagb-tm__image\"><img decoding=\"async\" class=\"uagb-tm-img-src\" src=\"https:\/\/www.exonarium.fr\/wp-content\/uploads\/2023\/03\/laura_marchand-150x150.jpg\" alt=\"\" width=\"80\" height=\"80\" loading=\"lazy\"\/><\/div><\/div><div class=\"uagb-tm__text-wrap\"><div class=\"uagb-tm__desc\">\u201cLa prochaine r\u00e9volution technologique majeure aura lieu dans l&rsquo;espace. Avec Exonarium, nous avons pris le pari de nous lancer dans une aventure scientifique et humaine pour \u00eatre les pionniers de ces futures avanc\u00e9es a\u00e9rospatiales. \u201d<\/div><div class=\"uagb-tm__meta-inner\"><div class=\"uagb-testimonial-details\"><span class=\"uagb-tm__author-name\">Laura Marchand<\/span><span class=\"uagb-tm__company\">PDG d&rsquo;Exonarium<\/span><\/div><\/div><\/div><\/div><\/div><\/div><\/div>\n<\/div><\/div>\n\n\n\n<div class=\"wp-block-uagb-container uagb-block-d55a72b4 alignfull uagb-is-root-container\"><div class=\"uagb-container-inner-blocks-wrap\">\n<div class=\"wp-block-uagb-info-box uagb-block-c669111c uagb-infobox__content-wrap  uagb-infobox-icon-above-title uagb-infobox-image-valign-top\"><div class=\"uagb-ifb-content\"><div class=\"uagb-ifb-title-wrap\"><h1 class=\"uagb-ifb-title\">Nous contacter<\/h1><\/div><p class=\"uagb-ifb-desc\">N&rsquo;h\u00e9sitez pas \u00e0 vous rapprocher de notre service commercial pour toute demande.<\/p><div class=\"uagb-ifb-button-wrapper wp-block-button\"><a href=\"mailto:contact@exonarium.fr\" class=\"uagb-infobox-cta-link wp-block-button__link\" target=\"_self\" rel=\"noopener noreferrer\" onclick=\"return true;\" alt=\"\"><span class=\"uagb-inline-editing\">Je souhaite \u00eatre mis en contact<\/span><\/a><\/div><\/div><\/div>\n<\/div><\/div>\n","protected":false},"excerpt":{"rendered":"","protected":false},"author":1,"featured_media":0,"parent":0,"menu_order":0,"comment_status":"closed","ping_status":"closed","template":"","meta":{"_uag_custom_page_level_css":"","site-sidebar-layout":"no-sidebar","site-content-layout":"page-builder","ast-global-header-display":"","ast-main-header-display":"","ast-hfb-above-header-display":"","ast-hfb-below-header-display":"","ast-hfb-mobile-header-display":"","site-post-title":"disabled","ast-breadcrumbs-content":"","ast-featured-img":"disabled","footer-sml-layout":"","theme-transparent-header-meta":"enabled","adv-header-id-meta":"","stick-header-meta":"","header-above-stick-meta":"","header-main-stick-meta":"","header-below-stick-meta":""},"uagb_featured_image_src":{"full":false,"thumbnail":false,"medium":false,"medium_large":false,"large":false,"1536x1536":false,"2048x2048":false},"uagb_author_info":{"display_name":"admin","author_link":"https:\/\/www.exonarium.fr\/?author=1"},"uagb_comment_info":0,"uagb_excerpt":null,"_links":{"self":[{"href":"https:\/\/www.exonarium.fr\/index.php?rest_route=\/wp\/v2\/pages\/1322"}],"collection":[{"href":"https:\/\/www.exonarium.fr\/index.php?rest_route=\/wp\/v2\/pages"}],"about":[{"href":"https:\/\/www.exonarium.fr\/index.php?rest_route=\/wp\/v2\/types\/page"}],"author":[{"embeddable":true,"href":"https:\/\/www.exonarium.fr\/index.php?rest_route=\/wp\/v2\/users\/1"}],"replies":[{"embeddable":true,"href":"https:\/\/www.exonarium.fr\/index.php?rest_route=%2Fwp%2Fv2%2Fcomments&post=1322"}],"version-history":[{"count":20,"href":"https:\/\/www.exonarium.fr\/index.php?rest_route=\/wp\/v2\/pages\/1322\/revisions"}],"predecessor-version":[{"id":1844,"href":"https:\/\/www.exonarium.fr\/index.php?rest_route=\/wp\/v2\/pages\/1322\/revisions\/1844"}],"wp:attachment":[{"href":"https:\/\/www.exonarium.fr\/index.php?rest_route=%2Fwp%2Fv2%2Fmedia&parent=1322"}],"curies":[{"name":"wp","href":"https:\/\/api.w.org\/{rel}","templated":true}]}}